{"id":800,"date":"2025-07-03T10:00:03","date_gmt":"2025-07-03T08:00:03","guid":{"rendered":"https:\/\/mercoeur.asso.fr\/wpo\/?page_id=800"},"modified":"2025-07-04T13:32:22","modified_gmt":"2025-07-04T11:32:22","slug":"edito-2025-2026","status":"publish","type":"page","link":"https:\/\/mercoeur.asso.fr\/wpo\/edito-2025-2026\/","title":{"rendered":"\u00c9dito 2025 \/ 2026"},"content":{"rendered":"<div class=\"wpb-content-wrapper\"><p>[vc_row][vc_column][vc_column_text][\/vc_column_text][vc_column_text]<\/p>\n<div class=\"page\" style=\"text-align: justify;\" title=\"Page 2\">\n<div class=\"section\">\n<div class=\"layoutArea\">\n<div class=\"column\">\n<div class=\"page\" title=\"Page 2\">\n<p><span style=\"color: #000000;\">Pour cette nouvelle saison, le Centre Paris Anim\u2019 Merc\u0153ur poursuit son aventure au sein des locaux provisoires de la Cit\u00e9 Souzy, dans l\u2019attente de retrouver son site historique en pleine reconstruction. Je veux saluer l\u2019engagement remarquable de l\u2019\u00e9quipe du centre qui, avec passion et professionnalisme, transforme ce lieu transitoire en un espace vivant, chaleureux et ouvert \u00e0 toutes et tous.<\/span><\/p>\n<p><span style=\"color: #000000;\">Fid\u00e8les \u00e0 leur vocation d\u2019\u00e9ducation populaire, les \u00e9quipes \u0153uvrent chaque jour \u00e0 offrir \u00e0 chacun les moyens de s\u2019\u00e9panouir et de s\u2019\u00e9manciper. C\u2019est le sens de l\u2019accompagnement propos\u00e9 aux familles, du soutien scolaire, ou encore du travail men\u00e9 par le p\u00f4le jeunesse qui aide les jeunes \u00e0 construire leur autonomie et leur avenir.<\/span><\/p>\n<p><span style=\"color: #000000;\">Le centre Merc\u0153ur, c\u2019est aussi un lieu de culture, de d\u00e9bats, de rencontres et de solidarit\u00e9s. Un lieu pour faire ensemble, r\u00e9fl\u00e9chir ensemble et vivre ensemble.<\/span><\/p>\n<p><span style=\"color: #000000;\">Je vous souhaite \u00e0 toutes et tous une belle saison 2025-2026 !<\/span><\/p>\n<\/div>\n<\/div>\n<\/div>\n<\/div>\n<\/div>\n<p style=\"text-align: right;\"><span style=\"font-family: arial, helvetica, sans-serif; font-size: 12pt; color: #000000;\"><strong>Fran\u00e7ois Vauglin<\/strong><\/span><br \/>\n<span style=\"font-family: arial, helvetica, sans-serif; font-size: 12pt; color: #000000;\"><strong> Maire du 11e arrondissement<\/strong><\/span><\/p>\n<p style=\"text-align: justify;\"><span style=\"font-family: arial, helvetica, sans-serif; font-size: 12pt; color: #000000;\">&#8212;&#8212;&#8212;&#8212;&#8212;&#8212;&#8212;<\/span><\/p>\n<div class=\"page\" style=\"text-align: justify;\" title=\"Page 2\">\n<div class=\"section\">\n<div class=\"layoutArea\">\n<div class=\"column\">\n<div class=\"page\" title=\"Page 2\">\n<div class=\"section\">\n<div class=\"page\" title=\"Page 2\">\n<div class=\"section\">\n<p><span style=\"color: #000000;\">Les pratiques artistiques, culturelles et sportives sont source d\u2019\u00e9mancipation, de vivre-ensemble et de citoyennet\u00e9. Lutter contre les in\u00e9galit\u00e9s qui en restreignent l\u2019acc\u00e8s constitue pr\u00e9cis\u00e9ment le r\u00f4le du service public.<\/span><\/p>\n<p><span style=\"color: #000000;\">Ainsi la Ville de Paris d\u00e9ploie-t-elle un r\u00e9seau important de 49 Centres Paris Anim\u2019 anim\u00e9s par des associations d\u2019\u00e9ducation populaire, afin de faciliter l\u2019acc\u00e8s de toutes et de tous \u00e0 la musique, la danse, le th\u00e9\u00e2tre, les langues, la cuisine, les sciences ou encore la photographie. Autant d\u2019opportunit\u00e9s d\u2019apprendre, de d\u00e9couvrir et de s\u2019\u00e9panouir dans un cadre de mixit\u00e9 assur\u00e9e par une tarification socialis\u00e9e qui s\u2019adapte aux budgets des familles.<\/span><\/p>\n<p><span style=\"color: #000000;\">Pour les jeunes, durement \u00e9prouv\u00e9s par les crises sanitaire et \u00e9conomiques de ces derni\u00e8res ann\u00e9es, la Ville de Paris a mis en place depuis 5 ans une tarification sp\u00e9cifique sur les activit\u00e9s des Centres paris Anim\u2019, au sein desquels des professionnel\u00b7les peuvent par ailleurs vous accompagner gratuitement dans vos d\u00e9marches, projets et questionnements.<\/span><\/p>\n<p><span style=\"color: #000000;\">Au-del\u00e0 des activit\u00e9s courantes pr\u00e9sent\u00e9es dans cette brochure, les Centres Paris Anim\u2019 organisent \u00e9galement de nombreuses activit\u00e9s gratuites, solidaires et engag\u00e9es, ainsi que des temps d\u2019\u00e9changes et de d\u00e9bats propices au d\u00e9veloppement de la pens\u00e9e critique et \u00e0 l\u2019exercice d\u00e9mocratique de la contradiction respectueuse. Autant de fen\u00eatres sur le monde \u00e0 ouvrir et de moments d\u2019intelligence collective qui n\u2019a ici rien d\u2019artificielle.<\/span><\/p>\n<p><span style=\"color: #000000;\">La Ville de Paris s\u2019inscrit ainsi \u00e0 rebours de la vision d\u2019un monde o\u00f9 l\u2019aust\u00e9rit\u00e9 budg\u00e9taire et la fermeture de services publics constitueraient un horizon ind\u00e9passable et dans lequel l\u2019universalit\u00e9 de la jeunesse serait soluble dans un service national. \u00c0 travers ses Centres Paris Anim\u2019, mais aussi ses 12 Espaces Paris Jeunes et Quartiers Jeunes (QJ), Paris r\u00e9affirme au contraire l\u2019universalit\u00e9 de son service public pour r\u00e9pondre aux besoins et aux aspirations des jeunes, des Parisiennes et des Parisiens.<\/span><\/p>\n<p><span style=\"color: #000000;\">Belle saison \u00e0 toutes et \u00e0 tous !<\/span><\/p>\n<div class=\"layoutArea\">\n<div class=\"column\">\n<p>&nbsp;<\/p>\n<\/div>\n<\/div>\n<\/div>\n<\/div>\n<\/div>\n<\/div>\n<\/div>\n<\/div>\n<\/div>\n<\/div>\n<p style=\"text-align: right;\"><span style=\"font-family: arial, helvetica, sans-serif; font-size: 12pt; color: #000000;\"><strong>H\u00e9l\u00e8ne BIDARD<\/strong><br \/>\n<strong>Adjointe \u00e0 la Maire de Paris<\/strong><br \/>\n<\/span><\/p>\n<div class=\"page\" style=\"text-align: justify;\" title=\"Page 2\">\n<div class=\"section\">\n<div class=\"layoutArea\">\n<div class=\"column\">\n<p style=\"text-align: right;\"><span style=\"color: #000000;\">Adjointe a\u0300 la Maire de Paris<\/span><\/p>\n<p style=\"text-align: right;\"><span style=\"color: #000000;\">Charge\u0301e de l\u2019e\u0301galite\u0301 femme-homme et de la jeunesse et de l\u2019e\u0301ducation populaire<\/span><\/p>\n<p>&nbsp;<\/p>\n<\/div>\n<\/div>\n<\/div>\n<\/div>\n<p style=\"text-align: justify;\"><span style=\"font-family: arial, helvetica, sans-serif; font-size: 12pt; color: #000000;\"> &#8212;&#8212;&#8212;&#8212;&#8212;&#8212;&#8212;<\/span><\/p>\n<p><span style=\"color: #000000;\">Pourquoi une association comme la n\u00f4tre est-elle indispensable dans le paysage socio-culturel d\u2019un arrondissement parisien comme celui du 11\u00e8me ?<\/span><\/p>\n<p><span style=\"color: #000000;\">Parce que nous voulons apporter localement une contribution significative \u00e0 la qualit\u00e9 de vie des Parisiens en favorisant le lien social, l\u2019\u00e9panouissement individuel et collectif, et en offrant des alternatives accessibles et de proximit\u00e9. Nous sommes des acteurs cl\u00e9s de la vitalit\u00e9 de l\u2019arrondissement et du bien-\u00eatre de ses habitants et nous croyons aux valeurs de l\u2019Education Populaire qui valorisent le vivre ensemble, la transmission et la solidarit\u00e9 \u00e0 travers un projet commun.<\/span><\/p>\n<p><span style=\"color: #000000;\">Nous voulons ainsi favoriser la prise de conscience des aptitudes de chacun quel que soit son \u00e2ge. Pour les jeunes nous aidons au d\u00e9veloppement de la personnalit\u00e9 de chacun, leur \u00e9panouissement, et nous voulons promouvoir l\u2019\u00e9ducation \u00e0 la citoyennet\u00e9.<\/span><\/p>\n<p><span style=\"color: #000000;\">A travers des \u00e9v\u00e8nements festifs, culturels, sportifs prodigu\u00e9s par des professionnels passionn\u00e9s et des b\u00e9n\u00e9voles engag\u00e9s nous sommes certains d\u2019apporter la possibilit\u00e9 \u00e0 tous de vivre pleinement une aventure humaine \u00e9panouissante.<\/span><\/p>\n<p><span style=\"color: #000000;\">Vous trouverez dans les pages qui suivent, le programme concoct\u00e9 par nos \u00e9quipes pour cette nouvelle saison du Centre Paris Anim\u2019 Merc\u0153ur g\u00e9r\u00e9 par l\u2019association MJC Paris Merc\u0153ur.<\/span><\/p>\n<p><span style=\"color: #000000;\">Toujours situ\u00e9s Cit\u00e9 Souzy, le temps de la reconstruction du centre rue Merc\u0153ur, nous avons \u00e0 c\u0153ur de vous apporter la possibilit\u00e9 de pratiquer une ou plusieurs activit\u00e9s parmi les 70 pr\u00e9sent\u00e9es dans des conditions d\u2019accueil qui vont encore s\u2019am\u00e9liorer cette saison. N\u2019h\u00e9sitez pas \u00e9galement \u00e0 vous renseigner sur les nombreux stages propos\u00e9s tout au long de l\u2019ann\u00e9e.<\/span><\/p>\n<p><span style=\"color: #000000;\">La jeunesse reste un point essentiel de notre action autour de nos animateurs qui apporteront leurs comp\u00e9tences pour encadrer, animer et informer les jeunes participants au programme que nous mettons en place avec eux.<\/span><\/p>\n<p><span style=\"color: #000000;\">Nous n\u2019oublions pas les enfants (l\u2019accompagnement scolaire), les parents (l\u2019accompagnement \u00e0 la parentalit\u00e9, groupes de parole) et les seniors (sorties culturelles\u2026) qui seront les bienvenus dans le cadre de nos actions du centre social en partenariat avec la CAF accompagn\u00e9s par notre r\u00e9f\u00e9rente.<\/span><\/p>\n<p><span style=\"color: #000000;\">Mais notre association propose aussi bien d\u2019autres activit\u00e9s que vous pourrez d\u00e9couvrir dans cette plaquette.<\/span><\/p>\n<p><span style=\"color: #000000;\">Nous vous souhaitons une saison joyeuse, passionnante et m\u00e9morable.<\/span><\/p>\n<div class=\"page\" title=\"Page 3\">\n<div class=\"section\">\n<div class=\"layoutArea\">\n<div class=\"page\" title=\"Page 3\">\n<div class=\"section\">\n<div class=\"page\" style=\"text-align: justify;\" title=\"Page 3\">\n<div class=\"section\">\n<div class=\"layoutArea\">\n<div class=\"column\"><\/div>\n<\/div>\n<\/div>\n<\/div>\n<p style=\"text-align: right;\"><span style=\"color: #000000;\"><strong>Yves BEN AYON<\/strong><\/span><\/p>\n<p style=\"text-align: right;\"><span style=\"color: #000000;\">Pr\u00e9sident de l\u2019Association MJC Paris-Merc\u0153ur,<\/span><\/p>\n<p style=\"text-align: right;\"><span style=\"color: #000000;\">gestionnaire du Centre Paris Anim\u2019 Merc\u0153ur<\/span><\/p>\n<\/div>\n<\/div>\n<\/div>\n<\/div>\n<\/div>\n<p>[\/vc_column_text][\/vc_column][\/vc_row]<\/p>\n<\/div>","protected":false},"excerpt":{"rendered":"<p>[vc_row][vc_column][vc_column_text][\/vc_column_text][vc_column_text] Pour cette nouvelle saison, le Centre Paris Anim\u2019 Merc\u0153ur poursuit son aventure au sein [&hellip;]<\/p>\n","protected":false},"author":1,"featured_media":0,"parent":0,"menu_order":0,"comment_status":"closed","ping_status":"closed","template":"page-right-sidebar.php","meta":{"_monsterinsights_skip_tracking":false,"_monsterinsights_sitenote_active":false,"_monsterinsights_sitenote_note":"","_monsterinsights_sitenote_category":0,"footnotes":""},"aioseo_notices":[],"publishpress_future_action":{"enabled":false,"date":"2026-04-21 22:11:19","action":"draft","terms":[],"taxonomy":""},"_links":{"self":[{"href":"https:\/\/mercoeur.asso.fr\/wpo\/wp-json\/wp\/v2\/pages\/800"}],"collection":[{"href":"https:\/\/mercoeur.asso.fr\/wpo\/wp-json\/wp\/v2\/pages"}],"about":[{"href":"https:\/\/mercoeur.asso.fr\/wpo\/wp-json\/wp\/v2\/types\/page"}],"author":[{"embeddable":true,"href":"https:\/\/mercoeur.asso.fr\/wpo\/wp-json\/wp\/v2\/users\/1"}],"replies":[{"embeddable":true,"href":"https:\/\/mercoeur.asso.fr\/wpo\/wp-json\/wp\/v2\/comments?post=800"}],"version-history":[{"count":9,"href":"https:\/\/mercoeur.asso.fr\/wpo\/wp-json\/wp\/v2\/pages\/800\/revisions"}],"predecessor-version":[{"id":35245,"href":"https:\/\/mercoeur.asso.fr\/wpo\/wp-json\/wp\/v2\/pages\/800\/revisions\/35245"}],"wp:attachment":[{"href":"https:\/\/mercoeur.asso.fr\/wpo\/wp-json\/wp\/v2\/media?parent=800"}],"curies":[{"name":"wp","href":"https:\/\/api.w.org\/{rel}","templated":true}]}}