{"id":7443,"date":"2024-06-17T21:34:34","date_gmt":"2024-06-17T19:34:34","guid":{"rendered":"https:\/\/mercoeur.asso.fr\/wpo\/?page_id=7443"},"modified":"2024-06-24T17:11:09","modified_gmt":"2024-06-24T15:11:09","slug":"horaires-et-plan","status":"publish","type":"page","link":"https:\/\/mercoeur.asso.fr\/wpo\/horaires-et-plan\/","title":{"rendered":"Horaires et plan"},"content":{"rendered":"<div class=\"wpb-content-wrapper\"><p>[vc_row][vc_column][vc_column_text]<\/p>\n<div class=\"wpb_column vc_column_container vc_col-sm-12 vc_col-lg-8 vc_col-md-7 vc_col-xs-12\">\n<div class=\"vc_column-inner\">\n<div class=\"wpb_wrapper\">\n<div class=\"wpb_text_column wpb_content_element \">\n<div class=\"wpb_wrapper\">\n<h3><span style=\"color: #000000;\">L&rsquo;association MJC Paris Mercoeur<\/span><\/h3>\n<p><span style=\"color: #000000;\"><strong>5 Cit\u00e9 Souzy &#8211; 75011 PARIS T\u00e9l : 01 43 79 25 54<br \/>\n<\/strong><\/span><\/p>\n<p><span style=\"color: #000000;\"><strong>(M\u00b0 Rue des Boulets)<\/strong><\/span><\/p>\n<p><span style=\"color: #000000;\">contact@mercoeur.asso.fr<\/span><\/p>\n<p>&nbsp;<\/p>\n<p><span style=\"color: #000000;\"><strong>Horaires du centre en p\u00e9riode scolaire :<\/strong><\/span><\/p>\n<p><span style=\"color: #000000;\">Le centre fonctionne du lundi au vendredi de 9h30 \u00e0 22h30 et le samedi de 9h00 \u00e0 18h00<\/span><\/p>\n<p>&nbsp;<\/p>\n<p><span style=\"color: #000000;\"><strong>Horaires du secr\u00e9tariat en p\u00e9riode scolaire (attention : ces horaires sont susceptibles d&rsquo;\u00eatre modifi\u00e9s)<br \/>\n<\/strong><\/span><\/p>\n<p><span style=\"color: #000000;\">Lundi : 14h00 \u00e0 21h00<\/span><br \/>\n<span style=\"color: #000000;\">Mardi : 13h00 \u00e0 21h00<\/span><br \/>\n<span style=\"color: #000000;\">Mercredi : 9h30 \u00e0 21h00<\/span><br \/>\n<span style=\"color: #000000;\">Jeudi : 9h30 \u00e0 21h00<\/span><br \/>\n<span style=\"color: #000000;\">Vendredi : 14h00 \u00e0 21h00<\/span><br \/>\n<span style=\"color: #000000;\">Samedi : 9h00 \u00e0 18h00<\/span><\/p>\n<p>&nbsp;<\/p>\n<\/div>\n<p><span style=\"color: #000000;\"><strong>Horaires du centre durant les vacances scolaires :<\/strong><\/span><\/p>\n<p><span style=\"color: #000000;\">Pendant les vacances scolaires, le centre est ouvert du lundi au vendredi de 10h00 \u00e0 18h00. Fermeture le samedi.<\/span><\/p>\n<div class=\"wpb_wrapper\">\n<p>&nbsp;<\/p>\n<\/div>\n<\/div>\n<\/div>\n<\/div>\n<\/div>\n<p>[\/vc_column_text][vc_separator][vc_column_text]<span style=\"color: #333333;\"><strong>Acc\u00e8s :<\/strong><\/span><\/p>\n<p><span style=\"color: #333333;\">M\u00e9tro : Ligne 9 M\u00b0 Rue des Boulets<br \/>\n<\/span><\/p>\n<p><span style=\"color: #333333;\">Bus : Lignes 56<\/span>[\/vc_column_text][vc_separator][\/vc_column][\/vc_row][vc_row][vc_column][vc_gmaps link=\u00a0\u00bb#E-8_JTNDaWZyYW1lJTIwc3JjJTNEJTIyaHR0cHMlM0ElMkYlMkZ3d3cuZ29vZ2xlLmNvbSUyRm1hcHMlMkZlbWJlZCUzRnBiJTNEJTIxMW0xOCUyMTFtMTIlMjExbTMlMjExZDI2MjUuMzQ0MjUwNjU1NzAzNSUyMTJkMi4zODU5NzY0NzYyNTE0NzQlMjEzZDQ4Ljg1MTY0NTU3MTMzMTI0JTIxMm0zJTIxMWYwJTIxMmYwJTIxM2YwJTIxM20yJTIxMWkxMDI0JTIxMmk3NjglMjE0ZjEzLjElMjEzbTMlMjExbTIlMjExczB4NDdlNjcyMGIzNjMzYWFmYiUyNTNBMHgyMTJkZjUyMWIzOGMzMzdiJTIxMnM1JTI1MjBDaXQlMjVDMyUyNUE5JTI1MjBTb3V6eSUyNTJDJTI1MjA3NTAxMSUyNTIwUGFyaXMlMjE1ZTAlMjEzbTIlMjExc2ZyJTIxMnNmciUyMTR2MTY5NTIyMDY1NzI0NiUyMTVtMiUyMTFzZnIlMjEyc2ZyJTIyJTIwd2lkdGglM0QlMjI2MDAlMjIlMjBoZWlnaHQlM0QlMjI0NTAlMjIlMjBzdHlsZSUzRCUyMmJvcmRlciUzQTAlM0IlMjIlMjBhbGxvd2Z1bGxzY3JlZW4lM0QlMjIlMjIlMjBsb2FkaW5nJTNEJTIybGF6eSUyMiUyMHJlZmVycmVycG9saWN5JTNEJTIybm8tcmVmZXJyZXItd2hlbi1kb3duZ3JhZGUlMjIlM0UlM0MlMkZpZnJhbWUlM0U=\u00a0\u00bb title=\u00a0\u00bbPlan\u00a0\u00bb][\/vc_column][\/vc_row][vc_row][vc_column][vc_column_text]<iframe style=\"height: 0;\" src=\"https:\/\/xpo1m.mjt.lu\/wgt\/xpo1m\/t2\/form?c=34c29f55\" width=\"100%\" frameborder=\"0\" marginwidth=\"0\" marginheight=\"0\" scrolling=\"no\" data-w-type=\"embedded\"><\/iframe><\/p>\n<p><script type=\"text\/javascript\" src=\"https:\/\/app.mailjet.com\/pas-nc-embedded-v1.js\"><\/script>[\/vc_column_text][\/vc_column][\/vc_row]<\/p>\n<\/div>","protected":false},"excerpt":{"rendered":"<p>[vc_row][vc_column][vc_column_text] L&rsquo;association MJC Paris Mercoeur 5 Cit\u00e9 Souzy &#8211; 75011 PARIS T\u00e9l : 01 43 [&hellip;]<\/p>\n","protected":false},"author":1,"featured_media":0,"parent":0,"menu_order":0,"comment_status":"closed","ping_status":"closed","template":"","meta":{"_monsterinsights_skip_tracking":false,"_monsterinsights_sitenote_active":false,"_monsterinsights_sitenote_note":"","_monsterinsights_sitenote_category":0,"footnotes":""},"aioseo_notices":[],"publishpress_future_action":{"enabled":false,"date":"2026-04-21 22:34:31","action":"draft","terms":[],"taxonomy":""},"_links":{"self":[{"href":"https:\/\/mercoeur.asso.fr\/wpo\/wp-json\/wp\/v2\/pages\/7443"}],"collection":[{"href":"https:\/\/mercoeur.asso.fr\/wpo\/wp-json\/wp\/v2\/pages"}],"about":[{"href":"https:\/\/mercoeur.asso.fr\/wpo\/wp-json\/wp\/v2\/types\/page"}],"author":[{"embeddable":true,"href":"https:\/\/mercoeur.asso.fr\/wpo\/wp-json\/wp\/v2\/users\/1"}],"replies":[{"embeddable":true,"href":"https:\/\/mercoeur.asso.fr\/wpo\/wp-json\/wp\/v2\/comments?post=7443"}],"version-history":[{"count":6,"href":"https:\/\/mercoeur.asso.fr\/wpo\/wp-json\/wp\/v2\/pages\/7443\/revisions"}],"predecessor-version":[{"id":34402,"href":"https:\/\/mercoeur.asso.fr\/wpo\/wp-json\/wp\/v2\/pages\/7443\/revisions\/34402"}],"wp:attachment":[{"href":"https:\/\/mercoeur.asso.fr\/wpo\/wp-json\/wp\/v2\/media?parent=7443"}],"curies":[{"name":"wp","href":"https:\/\/api.w.org\/{rel}","templated":true}]}}