{"id":5905,"date":"2026-01-12T12:57:01","date_gmt":"2026-01-12T11:57:01","guid":{"rendered":"https:\/\/mercoeur.asso.fr\/wpo\/?p=5905"},"modified":"2026-03-02T15:20:38","modified_gmt":"2026-03-02T14:20:38","slug":"adherent-e-s-avantages","status":"publish","type":"page","link":"https:\/\/mercoeur.asso.fr\/wpo\/adherent-e-s-avantages\/","title":{"rendered":"Adh\u00e9rent.e.s \/ Avantages"},"content":{"rendered":"<div class=\"wpb-content-wrapper\"><p>[vc_row][vc_column][vc_column_text]<\/p>\n<p>&nbsp;<\/p>\n<p style=\"text-align: justify;\"><span style=\"font-family: arial, helvetica, sans-serif; color: #333333;\"><strong>Comment adh\u00e9rer \u00e0 l\u2019association Mjc Paris-Merc\u0153ur<\/strong><\/span><\/p>\n<p style=\"text-align: justify;\"><span style=\"font-family: arial, helvetica, sans-serif; color: #333333;\"><strong>Les petits + \u00e0 la carte<\/strong><\/span><\/p>\n<p style=\"text-align: justify;\"><span style=\"font-family: arial, helvetica, sans-serif; color: #333333;\">Des partenariats entre l&rsquo;association MJC Paris Mercoeur, les commer\u00e7ants du quartier et des th\u00e9\u00e2tres de Paris principalement situ\u00e9s dans l\u2019est de la ville, ont \u00e9t\u00e9 mis en place afin de faciliter l\u2019acc\u00e8s des adh\u00e9rents aux spectacles d\u2019art vivant.<br \/>\n<\/span><\/p>\n<div style=\"text-align: justify;\">\n<div>\n<div>\n<div>\n<p><span style=\"font-family: arial, helvetica, sans-serif; color: #333333;\"><strong>Une pi\u00e8ce m&rsquo;int\u00e9resse, comment je fais ?<\/strong><\/span><br \/>\n<span style=\"font-family: arial, helvetica, sans-serif; color: #333333;\">&#8211; T\u00e9l\u00e9phoner au th\u00e9\u00e2tre (les num\u00e9ros vous sont pr\u00e9cis\u00e9s dans le fichier .PDF du mois)<\/span><br \/>\n<span style=\"font-family: arial, helvetica, sans-serif; color: #333333;\">&#8211; Vous pr\u00e9sentez comme \u00ab\u00a0adh\u00e9rent.e de l&rsquo;association MJC Paris-Merc\u0153ur\u00a0\u00bb<\/span><br \/>\n<span style=\"font-family: arial, helvetica, sans-serif; color: #333333;\">&#8211; Au moment du retrait des places, n&rsquo;oubliez pas votre carte d&rsquo;adh\u00e9rent.e<br \/>\n<\/span><\/p>\n<\/div>\n<\/div>\n<\/div>\n<\/div>\n<p>[\/vc_column_text][\/vc_column][\/vc_row][vc_row][vc_column][vc_separator color=\u00a0\u00bbpink\u00a0\u00bb border_width=\u00a0\u00bb4&Prime;][\/vc_column][\/vc_row][vc_row][vc_column width=\u00a0\u00bb1\/3&Prime;][vc_single_image image=\u00a0\u00bb35548&Prime; img_size=\u00a0\u00bblarge\u00a0\u00bb alignment=\u00a0\u00bbcenter\u00a0\u00bb][vc_column_text]<span style=\"color: #000000;\"><strong><span style=\"font-family: arial, helvetica, sans-serif; font-size: 10pt;\">ARTISTIC TH\u00c9\u00c2TRE<\/span><\/strong><\/span><\/p>\n<p><span style=\"font-family: arial, helvetica, sans-serif; font-size: 10pt; color: #000000;\">45 bis rue Richard Lenoir 75011 Paris<\/span><br \/>\n<span style=\"font-family: arial, helvetica, sans-serif; font-size: 10pt; color: #000000;\">Tarif adh\u00e9rent : <strong>10 \u20ac <\/strong><\/span><br \/>\n<span style=\"font-family: arial, helvetica, sans-serif; font-size: 10pt; color: #000000;\">(tarif plein normal 36 \u20ac)<\/span><br \/>\n<span style=\"font-family: arial, helvetica, sans-serif; font-size: 10pt; color: #000000;\">R\u00e9servation : 01 43 56 38 32<\/span><br \/>\n<span style=\"font-family: arial, helvetica, sans-serif; font-size: 10pt; color: #000000;\">Code : MJC Paris Mercoeur<\/span><\/p>\n<p><span style=\"font-family: arial, helvetica, sans-serif; font-size: 10pt; color: #000000;\"><a style=\"color: #000000;\" href=\"http:\/\/artistictheatre.com\/\" target=\"_blank\" rel=\"noopener\">Programmation<\/a><\/span>[\/vc_column_text][\/vc_column][vc_column width=\u00a0\u00bb1\/3&Prime;][vc_single_image image=\u00a0\u00bb35551&Prime; img_size=\u00a0\u00bblarge\u00a0\u00bb alignment=\u00a0\u00bbcenter\u00a0\u00bb][vc_column_text]<strong><span style=\"font-family: arial, helvetica, sans-serif; font-size: 10pt; color: #000000;\">LE TH\u00c9\u00c2TRE DE BELLEVILLE<\/span><\/strong><\/p>\n<p><span style=\"font-family: arial, helvetica, sans-serif; font-size: 10pt; color: #000000;\">16 passage Piver \u2013 75011 Paris<\/span><br \/>\n<span style=\"font-family: arial, helvetica, sans-serif; font-size: 10pt; color: #000000;\">Tarif adh\u00e9rent : <strong>12 \u20ac <\/strong><\/span><br \/>\n<span style=\"font-family: arial, helvetica, sans-serif; font-size: 10pt; color: #000000;\">(Plein tarif normal 26 \u20ac)<\/span><br \/>\n<span style=\"font-family: arial, helvetica, sans-serif; font-size: 10pt; color: #000000;\">R\u00e9servation : 01 48 06 72 34 et<\/span><br \/>\n<span style=\"font-family: arial, helvetica, sans-serif; font-size: 10pt; color: #000000;\">reservations@theatredebelleville.com <\/span><br \/>\n<span style=\"font-family: arial, helvetica, sans-serif; font-size: 10pt; color: #000000;\">Code : MJC Paris Mercoeur\u00a0<\/span><\/p>\n<p><span style=\"font-family: arial, helvetica, sans-serif; font-size: 10pt; color: #000000;\"><a style=\"color: #000000;\" href=\"https:\/\/www.theatredebelleville.com\/\" target=\"_blank\" rel=\"noopener\">Programmation<\/a><\/span>[\/vc_column_text][\/vc_column][vc_column width=\u00a0\u00bb1\/3&Prime;][vc_single_image image=\u00a0\u00bb35550&Prime; img_size=\u00a0\u00bblarge\u00a0\u00bb alignment=\u00a0\u00bbcenter\u00a0\u00bb][vc_column_text]<span style=\"font-family: arial, helvetica, sans-serif; font-size: 10pt; color: #000000;\"><strong>LA FLECHE<\/strong>\u00a0<strong>TH\u00c9\u00c2TRE<\/strong><\/span><\/p>\n<p><span style=\"font-size: 10pt; font-family: arial, helvetica, sans-serif; color: #000000;\">77 rue de Charonne, 75011 Paris<\/span><br \/>\n<span style=\"font-size: 10pt; font-family: arial, helvetica, sans-serif; color: #000000;\">Tarif adh\u00e9rent : <strong>16 \u20ac<\/strong><\/span><br \/>\n<span style=\"font-size: 10pt; font-family: arial, helvetica, sans-serif; color: #000000;\">(Tarif plein normal 26 \u20ac)<\/span><br \/>\n<span style=\"font-size: 10pt; font-family: arial, helvetica, sans-serif; color: #000000;\">R\u00e9servation : 01 40 09 70 40<\/span><br \/>\n<span style=\"font-size: 10pt; font-family: arial, helvetica, sans-serif; color: #000000;\">Code : MJC Paris Merc\u0153ur<\/span><\/p>\n<p><span style=\"font-family: arial, helvetica, sans-serif; font-size: 10pt; color: #000000;\"><a style=\"color: #000000;\" href=\"https:\/\/theatrelafleche.fr\/\" target=\"_blank\" rel=\"noopener\">Programmation<\/a><\/span>[\/vc_column_text][\/vc_column][\/vc_row][vc_row][vc_column width=\u00a0\u00bb1\/3&Prime;][\/vc_column][vc_column width=\u00a0\u00bb1\/3&Prime;][vc_single_image image=\u00a0\u00bb35549&Prime; img_size=\u00a0\u00bblarge\u00a0\u00bb alignment=\u00a0\u00bbcenter\u00a0\u00bb][vc_column_text]<span style=\"font-family: arial, helvetica, sans-serif; font-size: 10pt; color: #000000;\"><strong>Le th\u00e9\u00e2tre de la Madeleine<\/strong><\/span><\/p>\n<p><span style=\"font-family: arial, helvetica, sans-serif; font-size: 10pt; color: #000000;\">19 Rue de Sur\u00e8ne, 75008 Paris<\/span><br \/>\n<span style=\"font-family: arial, helvetica, sans-serif; font-size: 10pt; color: #000000;\">Le th\u00e9\u00e2tre nous propose, quelques fois, des tarifs (entre 50 et 70% de r\u00e9duction) sur certains spectacles \u00e0 des dates pr\u00e9cises.<\/span>[\/vc_column_text][\/vc_column][vc_column width=\u00a0\u00bb1\/3&Prime;][\/vc_column][\/vc_row]<\/p>\n<\/div>","protected":false},"excerpt":{"rendered":"<p>[vc_row][vc_column][vc_column_text] &nbsp; Comment adh\u00e9rer \u00e0 l\u2019association Mjc Paris-Merc\u0153ur Les petits + \u00e0 la carte Des [&hellip;]<\/p>\n","protected":false},"author":1,"featured_media":5908,"parent":0,"menu_order":0,"comment_status":"closed","ping_status":"closed","template":"page-right-sidebar.php","meta":{"_monsterinsights_skip_tracking":false,"_monsterinsights_sitenote_active":false,"_monsterinsights_sitenote_note":"","_monsterinsights_sitenote_category":0,"footnotes":""},"aioseo_notices":[],"publishpress_future_action":{"enabled":false,"date":"2026-04-25 14:47:04","action":"draft","terms":[],"taxonomy":""},"_links":{"self":[{"href":"https:\/\/mercoeur.asso.fr\/wpo\/wp-json\/wp\/v2\/pages\/5905"}],"collection":[{"href":"https:\/\/mercoeur.asso.fr\/wpo\/wp-json\/wp\/v2\/pages"}],"about":[{"href":"https:\/\/mercoeur.asso.fr\/wpo\/wp-json\/wp\/v2\/types\/page"}],"author":[{"embeddable":true,"href":"https:\/\/mercoeur.asso.fr\/wpo\/wp-json\/wp\/v2\/users\/1"}],"replies":[{"embeddable":true,"href":"https:\/\/mercoeur.asso.fr\/wpo\/wp-json\/wp\/v2\/comments?post=5905"}],"version-history":[{"count":20,"href":"https:\/\/mercoeur.asso.fr\/wpo\/wp-json\/wp\/v2\/pages\/5905\/revisions"}],"predecessor-version":[{"id":35560,"href":"https:\/\/mercoeur.asso.fr\/wpo\/wp-json\/wp\/v2\/pages\/5905\/revisions\/35560"}],"wp:featuredmedia":[{"embeddable":true,"href":"https:\/\/mercoeur.asso.fr\/wpo\/wp-json\/wp\/v2\/media\/5908"}],"wp:attachment":[{"href":"https:\/\/mercoeur.asso.fr\/wpo\/wp-json\/wp\/v2\/media?parent=5905"}],"curies":[{"name":"wp","href":"https:\/\/api.w.org\/{rel}","templated":true}]}}