{"id":4236,"date":"2015-07-23T16:44:48","date_gmt":"2015-07-23T14:44:48","guid":{"rendered":"https:\/\/mercoeur.asso.fr\/wpo\/?page_id=4236"},"modified":"2018-12-21T14:28:16","modified_gmt":"2018-12-21T13:28:16","slug":"adherents","status":"publish","type":"page","link":"https:\/\/mercoeur.asso.fr\/wpo\/adherents\/","title":{"rendered":"Adh\u00e9rents"},"content":{"rendered":"<p><strong><a href=\"https:\/\/mercoeur.asso.fr\/wpo\/?page_id=2062\" target=\"_blank\" rel=\"noopener\">Comment adh\u00e9rer \u00e0 l&rsquo;association Mjc Paris-Merc\u0153ur<\/a><\/strong><\/p>\n<p style=\"text-align: center;\"><strong>Les petits + \u00e0 la carte<\/strong><\/p>\n<p>Des partenariats entre la MJC, les commer\u00e7ants du quartier et des th\u00e9\u00e2tres de Paris principalement situ\u00e9s dans l\u2019est de la ville, ont \u00e9t\u00e9 mis en place afin de faciliter l\u2019acc\u00e8s des adh\u00e9rents aux spectacles d\u2019art vivant. C\u2019est le r\u00e9sultat d\u2019un travail d\u2019\u00e9quipe impliquant deux salari\u00e9s de la MJC et une adh\u00e9rente b\u00e9n\u00e9vole qui participe \u00e9galement \u00e0 des activit\u00e9s propos\u00e9es par la MJC. Pour aller voir un spectacle dans l\u2019un de ces th\u00e9\u00e2tres, en tant qu\u2019adh\u00e9rent \u00e0 la MJC, il est n\u00e9cessaire de contacter le th\u00e9\u00e2tre en question au pr\u00e9alable et de se munir de sa carte d\u2019adh\u00e9rent, lors de la r\u00e9servation, ainsi que pour la repr\u00e9sentation. Chaque lieu de spectacle est pr\u00e9sent\u00e9 individuellement ci-dessous, avec ses coordonn\u00e9es et les prix concernant les adh\u00e9rents.<\/p>\n<p>&nbsp;<\/p>\n<p><span style=\"text-decoration: underline;\"><span style=\"color: #ff0000; text-decoration: underline;\"><strong style=\"color: #0000ff; text-decoration: underline;\">\u00c9V\u00c8NEMENTS PONCTUELS<\/strong><\/span><\/span><\/p>\n<div dir=\"ltr\">\n<div><\/div>\n<div>Nouveaux Partenariats !<\/div>\n<div>\n<div><b><span style=\"color: #0000ff;\">Le Th\u00e9\u00e2tre de la Reine Blanche\u00a0<\/span><\/b><\/div>\n<div>\n<div>2bis passage Ruelle 75018 Paris M\u00e9tro La Chapelle ou Marx Dormoy<\/div>\n<div><a href=\"https:\/\/www.reineblanche.com\/index\">https:\/\/www.reineblanche.com\/index<\/a><\/div>\n<\/div>\n<div><\/div>\n<div>\n<div><strong><span style=\"color: #0000ff;\">La Com\u00e9die Nation<\/span><\/strong><\/div>\n<div>77 rue de Montreuil 75011 Paris<\/div>\n<div>Tarif adh\u00e9rents 10\u20ac !!!<\/div>\n<div><a href=\"http:\/\/www.comedienation.fr\/\" target=\"_blank\" rel=\"noopener\">http:\/\/www.comedienation.fr\/<\/a><\/div>\n<\/div>\n<\/div>\n<\/div>\n<p><em><strong><span style=\"color: #ff0000;\">COUP DE C\u0152UR MERC\u0152UR<\/span><\/strong><\/em><\/p>\n<p><span style=\"color: #0000ff;\"><strong>Th\u00e9\u00e2tre de l&rsquo;Essa\u00efon<\/strong><\/span><br \/>\n<span style=\"color: #0000ff;\"><span style=\"color: #ff0000;\"><strong>tarif de 10\u20ac<\/strong> <\/span>au lieu de 25\u20ac<\/span><\/p>\n<p><strong>\u00ab\u00a0Los Guardiola\u00a0\u00bb<\/strong> les Mercredis \u00e0 21h30<br \/>\n<a href=\"http:\/\/www.essaion-theatre.com\/spectacle\/677_.html\" target=\"_blank\" rel=\"noopener\">http:\/\/www.essaion-theatre.com\/spectacle\/677_.html<\/a><\/p>\n<p>&nbsp;<\/p>\n<p>&nbsp;<\/p>\n<p>&nbsp;<\/p>\n<p><span style=\"color: #0000ff;\"><strong><span style=\"text-decoration: underline;\">LE SAVIEZ VOUS ?<\/span> <\/strong><\/span><\/p>\n<p><span style=\"color: #ff0000;\">13\u20ac<\/span> tous les 13 de chaque mois au th\u00e9\u00e2tre 13 Jardin et Seine<br \/>\n<a href=\"http:\/\/www.theatre13.com\/pages\/webserie\/saison\/kelly-au-13#ep5\" target=\"_blank\" rel=\"noopener\">http:\/\/www.theatre13.com\/pages\/webserie\/saison\/kelly-au-13#ep5<\/a><\/p>\n<p><span style=\"color: #0000ff;\">Th\u00e9\u00e2tre 13 \/ Seine<\/span><br \/>\n30, rue du Chevaleret \u2013 75013 Paris (m\u00e9tro Biblioth\u00e8que Fran\u00e7ois Mitterrand)<\/p>\n<p><span style=\"color: #0000ff;\">Th\u00e9\u00e2tre 13 \/ Jardin<\/span><br \/>\n103 A, boulevard Auguste-Blanqui \u2013 75013 Paris (m\u00e9tro Glaci\u00e8re)<\/p>\n<p>R\u00e9servation en ligne : laissez-vous guider&#8230;<br \/>\nRendez-vous sur la page du spectacle pour lequel vous souhaitez r\u00e9server, cliquez sur le bouton \u00ab\u00a0R\u00e9server\u00a0\u00bb et laisser-vous guider. Les places seront \u00e0 r\u00e9gler le soir m\u00eame sur place au moment de votre arriv\u00e9e au th\u00e9\u00e2tre.<\/p>\n<p>R\u00e9servation par t\u00e9l\u00e9phone : 01 45 88 62 22<br \/>\n(du lundi au vendredi de 14h \u00e0 19h et en p\u00e9riode de repr\u00e9sentation le samedi le 14h \u00e0 19h et le dimanche de 14h \u00e0 15h)<br \/>\n<a href=\"http:\/\/www.theatre13.com\" target=\"_blank\" rel=\"noopener\">http:\/\/www.theatre13.com<\/a><br \/>\n<strong><span style=\"color: #0000ff;\">Profitez toute l&rsquo;ann\u00e9e des mus\u00e9es gratuits pour tous, sur leurs collections permanentes:<\/span><\/strong><\/p>\n<p><strong><span style=\"color: #ff0000;\">Petit Palais<\/span> <\/strong>&#8211; panorama artistique de l&rsquo;antiquit\u00e9 au d\u00e9but du XX<br \/>\nAvenue Winston Churchill- ( M\u00e9tro Champs-Elys\u00e9es Cl\u00e9menceau, Franklin Roosevelt):<br \/>\n<a href=\"http:\/\/www.petitpalais.paris.fr\" target=\"_blank\" rel=\"noopener\">http:\/\/www.petitpalais.paris.fr<\/a><\/p>\n<p><strong><span style=\"color: #ff0000;\">MAM\u00a0 Mus\u00e9e d&rsquo;Art Moderne de la Ville de Paris<\/span> <\/strong>&#8211; collection du XX<br \/>\n11, av. du Pr\u00e9sident Wilson (M\u00e9tro Alma)<br \/>\n<a href=\"http:\/\/www.mam.paris.fr\" target=\"_blank\" rel=\"noopener\">http:\/\/www.mam.paris.fr<\/a><\/p>\n<p><strong><span style=\"color: #ff0000;\">Maison de Balzac<\/span><\/strong><br \/>\n47, rue Raynouard\u00a0 ( M\u00e9tro La Muette ou Passy)<br \/>\n<a href=\"http:\/\/www.maisondebalzac.paris.fr\" target=\"_blank\" rel=\"noopener\">http:\/\/www.maisondebalzac.paris.fr<\/a><\/p>\n<p><span style=\"color: #ff0000;\"><strong>Mus\u00e9e Bourdelle<\/strong> <\/span>&#8211;\u00a0 Maison et atelier du sculpteur<br \/>\n18, rue Antoine Bourdelle ( M\u00e9tro Montparnasse)<br \/>\n<a href=\"http:\/\/www.bourdelle.paris.fr\" target=\"_blank\" rel=\"noopener\">http:\/\/www.bourdelle.paris.fr<\/a><\/p>\n<p><span style=\"color: #ff0000;\"><strong>Mus\u00e9e Carnavalet<\/strong><\/span> &#8211; l&rsquo;histoire de Paris<br \/>\n16, rue des Francs Bourgeois ( M\u00e9tro St Paul ou Chemin Vert)<br \/>\n<a href=\"http:\/\/www.carnavalet.paris.fr\" target=\"_blank\" rel=\"noopener\">http:\/\/www.carnavalet.paris.fr<\/a><\/p>\n<p><span style=\"color: #ff0000;\"><strong>Mus\u00e9e Cernuschi<\/strong> <\/span>&#8211; Arts de l&rsquo;Asie<br \/>\n7, av. Velasquez ( M\u00e9tro Monceau)<br \/>\n<a href=\"http:\/\/www.cernuschi.paris.fr\" target=\"_blank\" rel=\"noopener\">http:\/\/www.cernuschi.paris.fr<\/a><\/p>\n<p><strong><span style=\"color: #ff0000;\">Mus\u00e9e Cognacq-Jay-\u00a0 le go\u00fbt du XVIII<\/span><\/strong><br \/>\n8, rue Elz\u00e9vir ( M\u00e9tro Saint-Paul, Chemin vert ou Rambuteau) :<br \/>\n<a href=\"http:\/\/www.museecognacqjay.paris.fr\" target=\"_blank\" rel=\"noopener\">http:\/\/www.museecognacqjay.paris.fr<\/a><\/p>\n<p><span style=\"color: #ff0000;\"><strong>Mus\u00e9e de la Vie Romantique<\/strong> <\/span>&#8211; souvenirs de Georges Sand, peintures de Scheffer et contemporains, tr\u00e8s joli jardin<br \/>\n16, rue Chaptal ( M\u00e9tro St Georges, Pigalle, Blanche, Li\u00e8ge)<br \/>\n<a href=\"http:\/\/museevieromantique.paris.fr\" target=\"_blank\" rel=\"noopener\">http:\/\/museevieromantique.paris.fr<\/a><\/p>\n<p><strong><span style=\"color: #ff0000;\">Mus\u00e9e du G\u00e9n\u00e9ral Leclerc de Hautelocque et de la lib\u00e9ration de Paris &#8211; Mus\u00e9e jean Moulin &#8211; Histoire de la 2eme guerre mondiale<\/span><\/strong><br \/>\n23, all\u00e9e de la 2eme DB jardin Atlantique\u00a0 (au-dessus de la gare Montparnasse) ( M\u00e9tro Montparnasse, Ga\u00eet\u00e9, Pasteur, Edgar Quinet)<br \/>\n<a href=\"http:\/\/www.museesleclercmoulin.paris.fr\" target=\"_blank\" rel=\"noopener\">http:\/\/www.museesleclercmoulin.paris.fr<\/a><\/p>\n<p><strong><span style=\"color: #ff0000;\">Maison de Victor Hugo<\/span><\/strong> (Attention elle va fermer fin avril 2018 pour travaux)<br \/>\n6, Place des Vosges (M\u00e9tro bastille, St Paul ou Chemin Vert)<br \/>\n<a href=\"http:\/\/www.maisonsvictorhugo.paris.fr\" target=\"_blank\" rel=\"noopener\">http:\/\/www.maisonsvictorhugo.paris.fr<\/a><\/p>\n<p><span style=\"color: #ff0000;\"><strong>Le Mus\u00e9e Zadkine<\/strong><\/span> &#8211; 100 bis rue d&rsquo;Assas -( M\u00e9tro ND des Champs, Vavin) n&rsquo;est gratuit qu&rsquo;en dehors des expositions<br \/>\ntemporaires &#8230; se renseigner au 01 55 42 77 20<br \/>\n<a href=\"http:\/\/www.zadkine.paris.fr\" target=\"_blank\" rel=\"noopener\">http:\/\/www.zadkine.paris.fr<\/a><\/p>\n<p>&nbsp;<\/p>\n<div>\n<div>\n<p><span style=\"text-decoration: underline;\"><strong><span style=\"color: #800080; text-decoration: underline;\">LISTE DES LIEUX PARTENAIRES<\/span><\/strong><\/span><\/p>\n<\/div>\n<\/div>\n<p><strong>LA MASSAGERIE<\/strong> propose aux adh\u00e9rents un tarif pr\u00e9f\u00e9rentiel de 50\u20ac au lieu de 70\u20ac sur pr\u00e9sentation de vote carte adh\u00e9rent , pour un massage traditionnel chinois.<br \/>\nLA MASSAGERIE<br \/>\n5 RUE PACHE<br \/>\n75011 PARIS<br \/>\nsur rendez-vous<br \/>\nTEL 06 89 16 11 76<br \/>\nLe massage chinois :<br \/>\nMis en place depuis plusieurs mill\u00e9naires dans la Chine ancienne, le massage traditionnel chinois est l&rsquo;une des cinq branches de la MTC (M\u00e9decine Traditionnelle Chinoise). C&rsquo;est une m\u00e9thode manuelle qui agit sur la circulation de l&rsquo;\u00e9nergie.<br \/>\nLe massage chinois anmo agit sur le corps dans sa globalit\u00e9, de la surface vers la profondeur. Il lib\u00e8re les blocages, favorise la circulation du sang, \u00e9limine les toxines, renforce le syst\u00e8me immunitaire, vise \u00e0 harmoniser le corps et l&rsquo;esprit.<br \/>\nLe massage chinois anmo peut-\u00eatre pratiqu\u00e9 \u00e0 travers les v\u00eatements. Par des gestes simples il agit de mani\u00e8re efficace. Son action est \u00e0 la fois curative et pr\u00e9ventive, il peut \u00eatre utilis\u00e9 comme une m\u00e9thode de bien-\u00eatre et de soin quotidien. En Chine, il est souvent pratiqu\u00e9 dans le cercle de la famille et des amis pour entretenir la sant\u00e9.<\/p>\n<p>&nbsp;<\/p>\n<p><span style=\"color: #0000ff;\"><strong>\u00a0<\/strong><\/span><\/p>\n<p><span style=\"color: #ff6600;\"><strong>PROGRAMME\u00a0\u00a0<\/strong> <\/span><\/p>\n<p><span style=\"color: #0000ff; font-size: 12pt;\"><strong>ROND POINT<\/strong> <\/span><\/p>\n<p><span style=\"color: #ff0000;\"><strong>\u00a0<\/strong><\/span><strong>Offre MJC MERCOEUR :<\/strong><br \/>\nTarif r\u00e9duit <strong>26 euros<\/strong> au lieu de 38 euros, 13 euros au lieu de 16 euros pour les -30 ans et demandeurs d\u2019emploi sur mention du code <strong>\u00ab MERCOEUR 17\/18 \u00bb.<\/strong><br \/>\nTarif valable pour 2 personnes dans la limite des places disponibles.<br \/>\n<strong>R\u00e9servation indispensable au 01.44.95.98.21.<\/strong><\/p>\n<p><span style=\"color: #0000ff;\"><strong>A LA FOLIE TH\u00c9\u00c2TRE<\/strong><\/span><br \/>\nSitu\u00e9 au c\u0153ur du 11e arrondissement de Paris, A La Folie Th\u00e9\u00e2tre est un lieu de vie artistique, nich\u00e9 dans une petite cour. Nous vous y proposons une programmation \u00e9clectique:<br \/>\ndes spectacles jeune public p\u00e9dagogiques et interactifs d\u00e8s 1 an et aussi pour les plus grands, d\u00e8s 5 ans.<br \/>\ndes spectacles tout public avec du th\u00e9\u00e2tre classique,<br \/>\ndes pi\u00e8ces d\u2019auteur, des com\u00e9dies, des spectacles intimistes ou plus atypiques.<\/p>\n<p>6 rue de la Folie M\u00e9ricourt 75011 Paris<br \/>\nM\u00b0 Saint Ambroise<br \/>\n<strong>R\u00e9servation : 01 43 55 14 80\u00a0 CODE MJC Paris Merc\u0153ur <\/strong><br \/>\n<a href=\"http:\/\/www.folietheatre.com\" target=\"_blank\" rel=\"noopener\">www.folietheatre.com<\/a><\/p>\n<p><span style=\"background-color: #ffffff; color: #ff0000;\"><strong>PROGRAMMATION D\u2019\u00c0 LA FOLIE TH\u00c9\u00c2TRE<\/strong><\/span><br \/>\n6 rue de la Folie M\u00e9ricourt 75011 Paris<br \/>\n<em>Grande Folie (94 places)<\/em><\/p>\n<p>Bande annonce : https:\/\/www.youtube.com\/watch?v=mGfBCKx1eBc<br \/>\nDur\u00e9e : 40 minutes<br \/>\nR\u00e9sum\u00e9s du spectacle :<br \/>\nNon, non et non ! Ce sont les mots que Tartine et son doudou cacahu\u00e8te connaissent le mieux. Elle a peur de tout ! Mais une nuit o\u00f9 elle ne veut pas dormir, Tartine fait \u00ab badaboum \u00bb et se retrouve dans un dr\u00f4le de monde ! Pour retrouver son doudou, Tartine se lance dans un p\u00e9riple o\u00f9 elle apprendra \u00e0 affronter ses peurs et \u00e0 go\u00fbter \u00e0 tout : elle d\u00e9couvrira les animaux, les couleurs, la musique, les monstres gentils\u2026Toute une \u00e9pop\u00e9e en musique qui fera d\u2019elle une tout autre petite fille !<br \/>\n<strong>Du samedi 17 f\u00e9vrier au 2 juin 2018 2018, samedi et dimanche \u00e0 17h15.<\/strong><br \/>\n<strong>Les dimanches jusqu\u2019au 29 juin inclus<\/strong><br \/>\n<strong>PROPOSITION SP\u00c9CIALE :<\/strong><br \/>\n<span style=\"color: #ff0000;\"><strong>Tarif de 7\u20ac au lieu de 9\u20ac<\/strong><\/span><\/p>\n<p>&nbsp;<\/p>\n<p><span style=\"color: #ff0000;\"><strong>LA COM\u00c9DIE BASTILLE<\/strong><\/span><\/p>\n<p>La Com\u00e9die Bastille affiche fi\u00e8rement sa vocation de divertissement en favorisant l&rsquo;\u00e9closion de jeunes talents d&rsquo;auteurs, de metteurs en sc\u00e8ne, et de com\u00e9diens.<\/p>\n<p>Tarif de 11\u20ac au lieu de 32\u20ac (sauf le samedi soir )<\/p>\n<p>5, rue Nicolas Appert, 75011 Paris<\/p>\n<p>Tel : 01 48 07 52 07<\/p>\n<p><a href=\"http:\/\/www.comedie-bastille.com\/appert\/\" target=\"_blank\" rel=\"noopener\">http:\/\/www.comedie-bastille.com\/appert\/<\/a><\/p>\n<p>&nbsp;<\/p>\n<p><strong>LE TARMAC<\/strong><br \/>\nLa Sc\u00e8ne Internationale Francophone, l\u2019autre nom du Tarmac, est un th\u00e9\u00e2tre enti\u00e8rement d\u00e9di\u00e9 \u00e0 la cr\u00e9ation contemporaine francophone : th\u00e9\u00e2tre et danse, mais aussi marionnettes, performance\u2026<br \/>\nAdresse: 159 avenue Gambetta, 75020 Paris<br \/>\nTarif adh\u00e9rent: <strong>10 euros<\/strong> (tarif valant \u00e9galement pour un enfant accompagnant) (Tarif normal: 25 euros)<br \/>\nR\u00e9servation obligatoire: 01 43 64 80 80<br \/>\nSite internet : <a href=\"http:\/\/www.letarmac.fr\" target=\"_blank\" rel=\"noopener\">http:\/\/www.letarmac.fr<\/a><\/p>\n<p><strong>ARTISTIC TH\u00c9\u00c2TRE<\/strong> (anciennement Th\u00e9\u00e2tre Atristic Ath\u00e9vains)<br \/>\nCe Th\u00e9\u00e2tre se d\u00e9marque par la recherche de grands textes classiques peu connus, ainsi que la mise en sc\u00e8ne d&rsquo;auteurs contemporains. Des classiques, comme cette ann\u00e9e \u00ab\u00a0L&rsquo;AVare\u00a0\u00bb de Moli\u00e8re y sont \u00e9galement pr\u00e9sent\u00e9s.<br \/>\nAdresse: 45 bis rue Richard Lenoir, 75011 Paris<br \/>\nTarif adh\u00e9rent : 10 euros (Tarif normal: 30 euros)<br \/>\nR\u00e9servation obligatoire : 01 43 56 38 32<br \/>\nSite internet : <a href=\"http:\/\/www.artistic-athevains.com\" target=\"_blank\" rel=\"noopener\">http:\/\/www.artistic-athevains.com<\/a><\/p>\n<p><strong>LE LUCERNAIRE<\/strong><br \/>\nCe centre national d\u2019art et d\u2019essai a pour projet de m\u00e9langer les arts, de favoriser l\u2019\u00e9change entre le cin\u00e9ma, le th\u00e9\u00e2tre, la photographie, et la gastronomie. Depuis sa cr\u00e9ation, il accueille des projets ambitieux dans diverses disciplines artistiques, et a pour ambition d\u2019\u00eatre un vivier de cr\u00e9ation.<br \/>\nAdresse: 53 rue Notre Dame des Champs, 75006 Paris<br \/>\nTarif adh\u00e9rent: 16 euros (spectacle tout public) \/ 9 euros (spectacle jeune public) \/ Et des places \u00e0 11 euros pour les 5 (Tarif normal: 26 euros) premi\u00e8res dates de lancement de chaque nouveau spectacle.<br \/>\nR\u00e9servation obligatoire : 01 42 22 66 87 (du lundi au vendredi, de 10h \u00e0 17h30)<br \/>\nSite internet : <a href=\"http:\/\/www.lucernaire.fr\" target=\"_blank\" rel=\"noopener\">http:\/\/www.lucernaire.fr<\/a><\/p>\n<p><strong>TH\u00c9\u00c2TRE DE BELLEVILLE<\/strong><br \/>\nCe petit th\u00e9\u00e2tre, nich\u00e9 au c\u0153ur du quartier de Belleville, propose des spectacles exigeants pour tous les publics : il accueille aussi bien des artistes confirm\u00e9s que des compagnies \u00e9mergentes, issues notamment de la jeune cr\u00e9ation, et donne \u00e0 voir diff\u00e9rentes facettes des \u00e9critures sc\u00e9niques actuelles.<br \/>\nAdresse : 94 rue du faubourg du temple, 75011 Paris<br \/>\nTarif adh\u00e9rent : <strong>10 euros<\/strong> (Tarif normal: 25 euros)<br \/>\nR\u00e9servation obligatoire : 01 48 06 72 34 et r\u00e9servations@theatredebelleville.com (pr\u00e9ciser tarif \u00ab mercoeur \u00bb)<br \/>\nSite internet : <a href=\"http:\/\/www.theatredebelleville.com\" target=\"_blank\" rel=\"noopener\">http:\/\/www.theatredebelleville.com<\/a><\/p>\n<p><strong>LA TEMP\u00caTE<\/strong><br \/>\nAu c\u0153ur du bois de Vincennes, un ancien lieu de fabrication d&rsquo;armement et de poudre, la Cartoucherie, h\u00e9berge plusieurs th\u00e9\u00e2tres. Au Th\u00e9\u00e2tre de La Temp\u00eate, jeunes \u00e9quipes et artistes confirm\u00e9s y pr\u00e9sentent des textes tr\u00e8s vari\u00e9s.<br \/>\nAdresse : Cartoucherie, Route Du Champ de Man\u0153uvre, 75012 Paris<br \/>\nTarif adh\u00e9rent : <strong>12 euros<\/strong> (adultes) \/ 10 euros (enfants) (Tarif normal: 20 euros)<br \/>\nR\u00e9servation obligatoire: 01 43 28 36 36<br \/>\nSite internet : <a href=\"http:\/\/www.la-tempete.fr\" target=\"_blank\" rel=\"noopener\">http:\/\/www.la-tempete.fr<\/a><\/p>\n<p><strong>LA COM\u00c9DIE DES 3 BORNES<\/strong><br \/>\nUniquement des com\u00e9dies et sous toutes ses formes ! One man show, spectacles d\u2019improvisation, parodies, spectacles tout public\u2026<br \/>\nAdresse : 32 Rue des 3 Bornes, 75011 Paris<br \/>\nTarif adh\u00e9rent : 8 euros (Tarif normal: 10\/12 euros)<br \/>\nR\u00e9servation obligatoire : 01 43 57 68 29 (tous les jours, de 14h \u00e0 18h)<br \/>\nSite internet : <a href=\"http:\/\/www.comediedes3bornes.com\" target=\"_blank\" rel=\"noopener\">http:\/\/www.comediedes3bornes.com<\/a><\/p>\n<p><strong>LA SC\u00c8NE DU CANAL\/JEMMAPES<\/strong><br \/>\nSalle de concerts et de spectacles g\u00e9r\u00e9e par l\u2019association CRL10 (les Centres d\u2019Animation du 10\u00e8me), la Sc\u00e8ne du Canal est un lieu o\u00f9 la parole est c\u00e9l\u00e9br\u00e9e sous toutes ses formes : chant\u00e9e, cont\u00e9e, scand\u00e9e, slam\u00e9e, rapp\u00e9e\u2026<br \/>\nAdresse : 116, Quai de Jemmapes, 75010 Paris<br \/>\nTarif adh\u00e9rent : 5 euros (Tarif normal: 10 euros)<br \/>\nR\u00e9servation : 01 48 03 33 22<br \/>\nSite internet : <a href=\"http:\/\/www.lasceneducanal.com\" target=\"_blank\" rel=\"noopener\">http:\/\/www.lasceneducanal.com<\/a><\/p>\n<p><strong>MAISON DES M\u00c9TALLOS<\/strong><br \/>\nL\u2019ambition du lieu est d\u2019allier exigence artistique et pr\u00e9occupations soci\u00e9tales, cr\u00e9ation, programmation et pratique artistiques, formes participatives, expressions urbaines, rencontres et d\u00e9bats, pratique num\u00e9rique.<br \/>\nAdresse : 94 rue Jean-Pierre Timbaud, 75011 Paris<br \/>\nTarif adh\u00e9rent :<strong> 9 euros<\/strong> (adultes), 5 euros (enfant accompagnant) (Tarif normal: 18 euros)<br \/>\nR\u00e9servation : 01 47 00 25 20<br \/>\nSite internet : <a href=\"http:\/\/www.maisondesmetallos.org\" target=\"_blank\" rel=\"noopener\">http:\/\/www.maisondesmetallos.org<\/a><\/p>\n<p>&nbsp;<\/p>\n<p><strong>L&rsquo;AKT\u00c9ON TH\u00c9\u00c2TRE<\/strong><br \/>\nA 10 minutes \u00e0 pieds de la MJC Mercoeur, l&rsquo;Akt\u00e9on Th\u00e9\u00e2tre est un petit th\u00e9\u00e2tre de quartier qui propose une vraie programmation pour les enfants, avec des spectacles pour les tout petits, \u00e0 partir de 1 an. Ce lieu a \u00e9galement une programmation adulte et tout public. Un th\u00e9\u00e2tre pour toute la famille !<br \/>\nAdresse : 11 rue du g\u00e9n\u00e9ral Blaise, 75011 Paris<br \/>\nTarif adh\u00e9rent : <strong>12 euros<\/strong> (spectacles adulte et tout public), 7 euros (spectacles enfants) (Tarif normal : 18 euros\/9 euros)<br \/>\nR\u00e9servation: 01 43 38 74 62<br \/>\nSite internet : <a href=\"http:\/\/www.akteon.fr\" target=\"_blank\" rel=\"noopener\">http:\/\/www.akteon.fr<\/a><\/p>\n<p><strong>LE TH\u00c9\u00c2TRE DE L&rsquo;AQUARIUM<\/strong><br \/>\nAu c\u0153ur du bois de Vincennes, \u00e0 la Cartoucherie tout comme le Th\u00e9\u00e2tre de la Temp\u00eate, le Th\u00e9\u00e2tre de l&rsquo;Aquarium est pr\u00e9sent\u00e9 en quelques mots par son directeur en 2015 : \u00ab\u00a0Le r\u00e9el et ses ENJEUX sont donc la mati\u00e8re m\u00eame de la saison. Mais un r\u00e9el r\u00e9invent\u00e9, \u00e9clair\u00e9 par la po\u00e9sie des mots et de la sc\u00e8ne, afin d\u2019en d\u00e9busquer les non-dits, les aveuglements ; afin aussi d\u2019en r\u00e9v\u00e9ler les promesses, les richesses. Car si le th\u00e9\u00e2tre a bien quelque chose \u00e0 nous apprendre, c\u2019est qu\u2019il n\u2019y a de fatalit\u00e9 que celle du renoncement.\u00a0\u00bb<br \/>\nAdresse : Cartoucherie, Route Du Champ de Man\u0153uvre, 75012 Paris<br \/>\nTarif adh\u00e9rent : <strong>15 euros<\/strong> (Tarif normal : 22 euros)<br \/>\nR\u00e9servation obligatoire : 01 43 74 99 61<br \/>\nSite internet : <a href=\"http:\/\/www.theatredelaquarium.net\/\" target=\"_blank\" rel=\"noopener\">http:\/\/www.theatredelaquarium.net\/<\/a><\/p>\n<p><span style=\"font-size: 14pt;\"><strong>Essa\u00efon Th\u00e9\u00e2tre<\/strong><\/span><br \/>\nNouveau partenariat avec ce th\u00e9\u00e2tre dans le 4eme arrondissement de Paris. Pour tout adh\u00e9rents MJC Paris Merc\u0153ur lui sera propos\u00e9 un tarif de <strong>10\u20ac<\/strong> pour les spectacles adultes du soir et de <strong>8\u20ac<\/strong> pour tous les spectacles enfants. L\u2019adh\u00e9rent devra obligatoirement r\u00e9server (par t\u00e9l\u00e9phone ou par internet sur notre site ou sur place) en pr\u00e9cisant qu\u2019il est bien adh\u00e9rent MJC MERCOEUR. Il r\u00e9glera ses billets sur place le jour de sa venue.<\/p>\n<p>6 rue Pierre au Lard 75004 Paris<br \/>\nR\u00e9servation : 01 42 78 46 42 \/\/ <a href=\"http:\/\/www.essaion.com\">http:\/\/www.essaion.com<\/a><\/p>\n<p>&nbsp;<\/p>\n<p><strong>LE TH\u00c9\u00c2TRE DU ROND POINT<\/strong><br \/>\n<strong><em>SAISON 2017-2018<\/em><\/strong><\/p>\n<p>Pour cette saison le <strong>Th\u00e9\u00e2tre du Rond Point<\/strong> nous propose une liste de spectacles \u00e0 <strong>26\u20ac<\/strong> au lieu de 38\u20ac et <strong>13\u20ac<\/strong> pour les<br \/>\n<strong>moins de 30 ans et demandeurs d\u2019emploi.<\/strong><br \/>\n<strong>R\u00e9servation indispensable au 01 44 95 98 21<\/strong><br \/>\nle tarif est valable pour 2 personnes sur pr\u00e9sentation de la carte d\u2019adh\u00e9rent et dans la limite des places disponibles.<\/p>\n<p>&nbsp;<\/p>\n<p>&nbsp;<\/p>\n","protected":false},"excerpt":{"rendered":"<p>Comment adh\u00e9rer \u00e0 l&rsquo;association Mjc Paris-Merc\u0153ur Les petits + \u00e0 la carte Des partenariats entre [&hellip;]<\/p>\n","protected":false},"author":1,"featured_media":0,"parent":0,"menu_order":0,"comment_status":"closed","ping_status":"closed","template":"","meta":{"_monsterinsights_skip_tracking":false,"_monsterinsights_sitenote_active":false,"_monsterinsights_sitenote_note":"","_monsterinsights_sitenote_category":0,"footnotes":""},"aioseo_notices":[],"publishpress_future_action":{"enabled":false,"date":"2026-05-21 17:12:15","action":"draft","terms":[],"taxonomy":""},"_links":{"self":[{"href":"https:\/\/mercoeur.asso.fr\/wpo\/wp-json\/wp\/v2\/pages\/4236"}],"collection":[{"href":"https:\/\/mercoeur.asso.fr\/wpo\/wp-json\/wp\/v2\/pages"}],"about":[{"href":"https:\/\/mercoeur.asso.fr\/wpo\/wp-json\/wp\/v2\/types\/page"}],"author":[{"embeddable":true,"href":"https:\/\/mercoeur.asso.fr\/wpo\/wp-json\/wp\/v2\/users\/1"}],"replies":[{"embeddable":true,"href":"https:\/\/mercoeur.asso.fr\/wpo\/wp-json\/wp\/v2\/comments?post=4236"}],"version-history":[{"count":0,"href":"https:\/\/mercoeur.asso.fr\/wpo\/wp-json\/wp\/v2\/pages\/4236\/revisions"}],"wp:attachment":[{"href":"https:\/\/mercoeur.asso.fr\/wpo\/wp-json\/wp\/v2\/media?parent=4236"}],"curies":[{"name":"wp","href":"https:\/\/api.w.org\/{rel}","templated":true}]}}