{"id":2065,"date":"2025-06-24T10:10:24","date_gmt":"2025-06-24T08:10:24","guid":{"rendered":"https:\/\/mercoeur.asso.fr\/wpo\/?page_id=2065"},"modified":"2026-01-06T17:49:32","modified_gmt":"2026-01-06T16:49:32","slug":"lassociation-lequipe-et-le-ca","status":"publish","type":"page","link":"https:\/\/mercoeur.asso.fr\/wpo\/edito-2025-2026\/lassociation-lequipe-et-le-ca\/","title":{"rendered":"L&rsquo;association, l&rsquo;\u00e9quipe et le CA"},"content":{"rendered":"<div class=\"wpb-content-wrapper\"><p>[vc_row][vc_column][vc_column_text][\/vc_column_text][vc_column_text]<\/p>\n<div class=\"page\" title=\"Page 4\">\n<div class=\"section\">\n<div class=\"layoutArea\">\n<div class=\"column\">\n<p><span style=\"color: #000000; font-family: arial, helvetica, sans-serif; font-size: 10pt;\">Le centre Paris Anim\u2019 Merc\u0153ur est un espace g\u00e9r\u00e9 dans le cadre d\u2019un march\u00e9 public sign\u00e9 entre la Mairie de Paris et l\u2019association de la Maison des Jeunes et de la Culture Paris-Merc\u0153ur pour la p\u00e9riode allant du 1er septembre 2018 au 31 ao\u00fbt 2024. Ce contrat est actuellement prolong\u00e9 jusqu\u2019en 2026 par un avenant suite au d\u00e9m\u00e9nagement des locaux pendant la p\u00e9riode de r\u00e9novation du centre au 4 rue Merc\u0153ur.<\/span><\/p>\n<p><span style=\"color: #000000; font-family: arial, helvetica, sans-serif; font-size: 10pt;\">Le centre Merc\u0153ur, \u00e0 l\u2019instar des 49 centres parisiens, a pour objectif de proposer aux parisiennes et parisiens, un espace d\u00e9di\u00e9 \u00e0 la promotion d\u2019activit\u00e9s socio-culturelles (artistiques, sportives, loisirs, de d\u00e9couvertes), au suivi et \u00e0 l\u2019accompagnement de la jeunesse, de mettre \u00e0 disposition un espace de vie sociale qui favorise les d\u00e9marches de projets individuels ou collectifs des habitants.<\/span><\/p>\n<p><span style=\"color: #000000; font-family: arial, helvetica, sans-serif; font-size: 10pt;\">Depuis 2018, le centre Paris Anim\u2019 Mercoeur s\u2019est vu attribu\u00e9 par la CAF de Paris le Label centre social. Cette particularit\u00e9 ajout\u00e9e \u00e0 la gestion du centre Paris Anim\u2019 permet la mise en place de nombreuses actions d\u2019accompagnement.<\/span><\/p>\n<p><span style=\"color: #000000; font-family: arial, helvetica, sans-serif; font-size: 10pt;\">Pour la saison 2025 \/ 2026, le centre Merc\u0153ur fonctionne du mercredi 27 ao\u00fbt 2025 au vendredi 31 juillet 2026 et ses activit\u00e9s ont lieu entre le lundi 8 septembre 2025 et le samedi 20 juin 2026 (hors vacances scolaires), sur la base de 30 s\u00e9ances garanties.<\/span><br \/>\n<span style=\"color: #000000; font-family: arial, helvetica, sans-serif; font-size: 10pt;\">Pendant les vacances scolaires et les week-ends de nombreux stages sont organis\u00e9s en direction des publics enfants, adolescents et adultes.<\/span><br \/>\n<span style=\"color: #000000; font-family: arial, helvetica, sans-serif; font-size: 10pt;\">Le centre sera ferm\u00e9 au public les jours f\u00e9ri\u00e9s du calendrier scolaire.<\/span><\/p>\n<p><span style=\"color: #000000; font-family: arial, helvetica, sans-serif; font-size: 10pt;\"><strong>Tous les espaces du centre sont constitu\u00e9s de salles adapt\u00e9es et \u00e9quip\u00e9es en mat\u00e9riel de qualit\u00e9 pour lesquelles nous apportons le plus grand soin en entretien et la plus grande vigilance en mati\u00e8re de s\u00e9curit\u00e9.<\/strong><\/span><\/p>\n<p><span style=\"color: #000000; font-family: arial, helvetica, sans-serif; font-size: 10pt;\"><strong>Le centre Mercoeur, ce sont :<\/strong><\/span><\/p>\n<p><span style=\"color: #000000; font-family: arial, helvetica, sans-serif; font-size: 10pt;\">&#8211; Des activit\u00e9s et des stages toute la saison<\/span><br \/>\n<span style=\"color: #000000; font-family: arial, helvetica, sans-serif; font-size: 10pt;\">&#8211; Des \u00e9v\u00e9nements et des manifestations<\/span><br \/>\n<span style=\"color: #000000; font-family: arial, helvetica, sans-serif; font-size: 10pt;\">&#8211; Un centre social (accompagnement scolaire, inclusion num\u00e9rique, sorties familles, \u00e9crivain public, des ateliers sociolinguistiques)<\/span><br \/>\n<span style=\"color: #000000; font-family: arial, helvetica, sans-serif; font-size: 10pt;\">&#8211; Une structure d\u2019information jeunesse<\/span><br \/>\n<span style=\"color: #000000; font-family: arial, helvetica, sans-serif; font-size: 10pt;\">&#8211; Un secteur jeunesse<\/span><br \/>\n<span style=\"color: #000000; font-family: arial, helvetica, sans-serif; font-size: 10pt;\">&#8211; Une biblioth\u00e8que<\/span><br \/>\n<span style=\"color: #000000; font-family: arial, helvetica, sans-serif; font-size: 10pt;\">&#8211; Des actions et des animations hors les murs<\/span><\/p>\n<p style=\"text-align: center;\"><span style=\"color: #000000; font-family: arial, helvetica, sans-serif; font-size: 10pt;\">&#8212;<\/span><\/p>\n<\/div>\n<div class=\"page\" title=\"Page 5\">\n<div class=\"layoutArea\">\n<div class=\"column\">\n<p style=\"text-align: justify;\"><span style=\"color: #000000; font-family: arial, helvetica, sans-serif; font-size: 10pt;\">Notre association est n\u00e9e du fruit de la r\u00e9flexion entre un collectif d\u2019habitants et la pr\u00e9fecture de Paris. Inaugur\u00e9 en 1962, le centre Paris Anim\u2019 Merc\u0153ur est le premier centre construit par la ville de Paris et confi\u00e9 \u00e0 la gestion d\u2019une association.<br \/>\nComme toute association, son action repose sur l\u2019implication de ses membres. Tout usager a la possibilit\u00e9 de devenir adh\u00e9rent en s\u2019acquittant d\u2019une cotisation annuelle qui lui donne droit \u00e0 participer pleinement \u00e0 la vie d\u00e9mocratique de l\u2019association.<br \/>\n<strong>Tarif de l\u2019adh\u00e9sion annuelle : 5\u20ac pour les &#8211; de 26 ans, 10\u20ac pour les plus de 70 ans, 12\u20ac pour les adultes et 20\u20ac pour les familles (valable du 1er septembre 2025 au 31 ao\u00fbt 2026)<\/strong><\/span><\/p>\n<\/div>\n<div style=\"text-align: center;\"><span style=\"color: #000000; font-family: arial, helvetica, sans-serif; font-size: 10pt;\">&#8212;<\/span><\/div>\n<div><\/div>\n<div class=\"column\">\n<p><span style=\"color: #000000; font-family: arial, helvetica, sans-serif; font-size: 10pt;\"><strong>L\u2019association MJC Paris-Mercoeur c\u2019est :<\/strong><\/span><br \/>\n<span style=\"color: #000000; font-family: arial, helvetica, sans-serif; font-size: 10pt;\">Un projet associatif pour le d\u00e9veloppement et l\u2019animation du quartier L\u00e9on Blum, et plus sp\u00e9cifiquement le quartier Roquette.<\/span><br \/>\n<span style=\"color: #000000; font-family: arial, helvetica, sans-serif; font-size: 10pt;\">Des b\u00e9n\u00e9voles investis dans le portage et l\u2019accompagnement des actions du centre (Accompagnement scolaire, composteur, biblioth\u00e8que, cin\u00e9-L\u00e9on, actions familles)<\/span><br \/>\n<span style=\"color: #000000; font-family: arial, helvetica, sans-serif; font-size: 10pt;\">La mise en place d\u2019activit\u00e9s, d\u2019animations, stages, \u00e9v\u00e9nements (le jeu de piste du 11\u00e8me arrondissement, stages happy dance et bricolage, activit\u00e9s cr\u00e9atives parents\/enfants, tenue du bar)<\/span><br \/>\n<span style=\"color: #000000; font-family: arial, helvetica, sans-serif; font-size: 10pt;\">Pouvoir b\u00e9n\u00e9ficier d\u2019activit\u00e9s, de sorties \u00e0 des tarifs pr\u00e9f\u00e9rentiels.<\/span><\/p>\n<p style=\"text-align: justify;\"><span style=\"color: #000000; font-family: arial, helvetica, sans-serif; font-size: 10pt;\">\u00a0<\/span><\/p>\n<div class=\"page\" title=\"Page 5\">\n<div class=\"layoutArea\">\n<div class=\"column\"><span style=\"color: #000000; font-family: arial, helvetica, sans-serif; font-size: 10pt;\"><strong>Adh\u00e9rer \u00e0 l\u2019association MJC Paris-Mercoeur c\u2019est :<\/strong><\/span><br \/>\n<span style=\"color: #000000; font-family: arial, helvetica, sans-serif; font-size: 10pt;\">Se sentir concern\u00e9 par la vie associative de son quartier ;<\/span><br \/>\n<span style=\"color: #000000; font-family: arial, helvetica, sans-serif; font-size: 10pt;\">Lui donner force et repr\u00e9sentativit\u00e9 en tant qu\u2019acteur de la d\u00e9mocratie locale ; <\/span><br \/>\n<span style=\"color: #000000; font-family: arial, helvetica, sans-serif; font-size: 10pt;\">Contribuer directement \u00e0 la construction et \u00e0 l\u2019application du \u00ab Projet Associatif \u00bb ;<\/span><br \/>\n<span style=\"color: #000000; font-family: arial, helvetica, sans-serif; font-size: 10pt;\">Pouvoir s\u2019exprimer sur le fonctionnement de la structure, les orientations, les activit\u00e9s&#8230; Et ainsi pouvoir voter et pr\u00e9senter sa candidature lors des Assembl\u00e9es G\u00e9n\u00e9rales.<\/span><br \/>\n<span style=\"color: #000000; font-family: arial, helvetica, sans-serif; font-size: 10pt;\">Pouvoir s\u2019engager activement et participer aux instances d\u00e9lib\u00e9ratives et d\u00e9cisionnelles de la structure (Conseil d\u2019Administration, Bureau, Commissions\u2026).<\/span><br \/>\n<span style=\"color: #000000; font-family: arial, helvetica, sans-serif; font-size: 10pt;\">Garantir le fonctionnement d\u00e9mocratique et pluraliste de la structure.<\/span><\/div>\n<div class=\"column\">\n<div class=\"page\" title=\"Page 5\">\n<div class=\"layoutArea\">\n<p>&nbsp;<\/p>\n<p style=\"text-align: justify;\"><span style=\"color: #000000; font-family: arial, helvetica, sans-serif; font-size: 10pt;\"><strong>Comment participer, donner son avis ?<\/strong><\/span><br \/>\n<span style=\"color: #000000; font-family: arial, helvetica, sans-serif; font-size: 10pt;\">Prendre l\u2019adh\u00e9sion : C\u2019est le 1er stade d\u2019implication dans la vie de l\u2019association. En plus d\u2019\u00eatre un soutien financier, cette adh\u00e9sion est aussi une approbation de son projet associatif. Soutenue par de nombreux adh\u00e9rents, elle est davantage reconnue et l\u00e9gitim\u00e9e en tant qu\u2019acteur de la d\u00e9mocratie locale (Cf. ci-dessus adh\u00e9rer).<\/span><br \/>\n<span style=\"color: #000000; font-family: arial, helvetica, sans-serif; font-size: 10pt;\">Devenir b\u00e9n\u00e9vole dans le cadre de l\u2019accompagnement \u00e0 la scolarit\u00e9 (Cf. p.28), de la biblioth\u00e8que (Cf. p.34), ou lors d\u2019un \u00e9v\u00e9nement r\u00e9gulier ou exceptionnel organis\u00e9 par l\u2019association MJC Paris-Mercoeur tout au long de la saison.<\/span><br \/>\n<span style=\"color: #000000; font-family: arial, helvetica, sans-serif; font-size: 10pt;\">Participer \u00e0 l\u2019Assembl\u00e9e G\u00e9n\u00e9rale annuelle. L\u2019Assembl\u00e9e g\u00e9n\u00e9rale est un temps d\u2019\u00e9changes et de d\u00e9bats ouverts \u00e0 tous les usagers du centre et aux adh\u00e9rents. Organis\u00e9e une fois par an, entre le Conseil d\u2019Administration, la direction du centre, les adh\u00e9rents et les usagers, elle permet de rendre compte et de faire le bilan de l\u2019exercice pr\u00e9c\u00e9dent mais aussi de faire un point sur le fonctionnement du centre et les orientations de l\u2019association. <\/span><br \/>\n<span style=\"color: #000000; font-family: arial, helvetica, sans-serif; font-size: 10pt;\">Rejoindre une commission ou un groupe de travail organis\u00e9 par l\u2019association MJC Paris-Mercoeur ou en proposer.<\/span><\/p>\n<\/div>\n<\/div>\n<\/div>\n<\/div>\n<\/div>\n<\/div>\n<\/div>\n<\/div>\n<\/div>\n<\/div>\n<\/div>\n<p>[\/vc_column_text][\/vc_column][\/vc_row][vc_row][vc_column][vc_text_separator title=\u00a0\u00bbL&rsquo;EQUIPE\u00a0\u00bb i_icon_fontawesome=\u00a0\u00bbfa fa-users\u00a0\u00bb i_color=\u00a0\u00bbsky\u00a0\u00bb i_size=\u00a0\u00bblg\u00a0\u00bb add_icon=\u00a0\u00bbtrue\u00a0\u00bb][\/vc_column][\/vc_row][vc_row][vc_column width=\u00a0\u00bb1\/3&Prime;][vc_column_text]<span style=\"color: #3366ff; font-size: 10pt;\"><strong>Votre Conseil d\u2019Administration<\/strong><\/span><br \/>\n<span style=\"color: #000000;\"><strong>Yves<\/strong> <strong>BEN AYOUN<\/strong>, Pr\u00e9sident<\/span><br \/>\n<span style=\"color: #000000;\"><strong>Marie France<\/strong> <strong>KANDIN<\/strong>, Vice-pr\u00e9sidente<\/span><br \/>\n<span style=\"color: #000000;\"><strong>Florence TISSOT<\/strong>, Tr\u00e9sori\u00e8re<\/span><br \/>\n<span style=\"color: #000000;\"><strong>Andr\u00e9 KROL<\/strong>, Tr\u00e9sorier-adjoint<\/span><br \/>\n<span style=\"color: #000000;\"><strong>Karine GALDRAT<\/strong>, Secr\u00e9taire g\u00e9n\u00e9rale<\/span><br \/>\n<span style=\"color: #000000;\"><strong>Annick BORISSOFF<\/strong>, Secr\u00e9taire adjointe<\/span><br \/>\n<span style=\"color: #000000;\"><strong>Bernard ROCH<\/strong>, Membre fondateur<\/span><br \/>\n<span style=\"color: #000000;\"><strong>Martine DESLOUIS<\/strong>, Administratrice<\/span><br \/>\n<span style=\"color: #000000;\"><strong>Aude HAPIOT<\/strong>, Administratrice<\/span><br \/>\n<span style=\"color: #000000;\"><strong>Josette KEFALAS<\/strong>, Administratrice<\/span><br \/>\n<span style=\"color: #000000;\"><strong>Yacine MAHIA<\/strong>, Administrateur<\/span><br \/>\n<span style=\"color: #000000;\"><strong>Yves PLOUHINEC<\/strong>, Administrateur<\/span><br \/>\n<span style=\"color: #000000;\"><strong>V\u00e9ronique PRIGENT<\/strong>, Administratrice<\/span><br \/>\n<span style=\"color: #000000;\"><strong>Julien SCHMITT<\/strong>, Administrateur<\/span><br \/>\n<span style=\"color: #000000;\"><strong>Monique YUNG<\/strong>, Administratrice<\/span>[\/vc_column_text][\/vc_column][vc_column width=\u00a0\u00bb1\/3&Prime;][vc_column_text]<span style=\"color: #3366ff; font-size: 10pt;\"><strong>Votre \u00e9quipe administrative<\/strong><\/span><br \/>\n<span style=\"color: #000000;\"><strong>St\u00e9phane WOEGTLIN<\/strong>, Directeur.<\/span><br \/>\n<span style=\"color: #000000;\"><strong>Fabienne DIA\u00cfKE<\/strong>, Directrice-adjointe.<\/span><br \/>\n<span style=\"color: #000000;\"><strong>Florence THIMONIER<\/strong>, Secr\u00e9taire principale usager.e.s.<\/span><br \/>\n<span style=\"color: #000000;\"><strong>Camille BILQUEZ<\/strong>, Secr\u00e9taire d\u2019accueil \/ Communication<\/span><br \/>\n<span style=\"color: #000000;\"><strong>Mohammed CONDE<\/strong>, Agent d\u2019accueil.<\/span><br \/>\n<span style=\"color: #000000;\"><strong>Mamoudou KANE DIALLO<\/strong>, Agent d\u2019accueil<\/span><br \/>\n<span style=\"color: #000000;\"><strong>Nathalie ROTHIER<\/strong>, Comptable.<\/span><br \/>\n<span style=\"color: #000000;\"><strong>Noureddine IHI<\/strong>, Agent d\u2019entretien.<\/span>[\/vc_column_text][\/vc_column][vc_column width=\u00a0\u00bb1\/3&Prime;][vc_column_text]<span style=\"color: #3366ff;\"><strong><span style=\"font-size: 10pt;\">Vos animateurs permanents<\/span><\/strong><\/span><span style=\"font-size: 10pt; color: #000000;\"><br \/>\n<strong>Audrey DANIEL<\/strong>, Animatrice jeunesse.<br \/>\n<strong>Gwendal FAILLE<\/strong>, Animatrice jeunesse.<br \/>\n<strong>Ana\u00cfs WOLFF<\/strong>, R\u00e9f\u00e9rente famille.<br \/>\n<strong>Julien MEYER<\/strong>, Informateur jeunesse.<br \/>\n<strong>Igor ROGER<\/strong>, Cyber Espace et communication.<br \/>\n<\/span>[\/vc_column_text][\/vc_column][\/vc_row]<\/p>\n<\/div>","protected":false},"excerpt":{"rendered":"<p>[vc_row][vc_column][vc_column_text][\/vc_column_text][vc_column_text] Le centre Paris Anim\u2019 Merc\u0153ur est un espace g\u00e9r\u00e9 dans le cadre d\u2019un march\u00e9 [&hellip;]<\/p>\n","protected":false},"author":1,"featured_media":0,"parent":800,"menu_order":1,"comment_status":"closed","ping_status":"closed","template":"page-right-sidebar.php","meta":{"_monsterinsights_skip_tracking":false,"_monsterinsights_sitenote_active":false,"_monsterinsights_sitenote_note":"","_monsterinsights_sitenote_category":0,"footnotes":""},"aioseo_notices":[],"publishpress_future_action":{"enabled":false,"date":"2026-04-21 22:15:49","action":"draft","terms":[],"taxonomy":""},"_links":{"self":[{"href":"https:\/\/mercoeur.asso.fr\/wpo\/wp-json\/wp\/v2\/pages\/2065"}],"collection":[{"href":"https:\/\/mercoeur.asso.fr\/wpo\/wp-json\/wp\/v2\/pages"}],"about":[{"href":"https:\/\/mercoeur.asso.fr\/wpo\/wp-json\/wp\/v2\/types\/page"}],"author":[{"embeddable":true,"href":"https:\/\/mercoeur.asso.fr\/wpo\/wp-json\/wp\/v2\/users\/1"}],"replies":[{"embeddable":true,"href":"https:\/\/mercoeur.asso.fr\/wpo\/wp-json\/wp\/v2\/comments?post=2065"}],"version-history":[{"count":17,"href":"https:\/\/mercoeur.asso.fr\/wpo\/wp-json\/wp\/v2\/pages\/2065\/revisions"}],"predecessor-version":[{"id":35475,"href":"https:\/\/mercoeur.asso.fr\/wpo\/wp-json\/wp\/v2\/pages\/2065\/revisions\/35475"}],"up":[{"embeddable":true,"href":"https:\/\/mercoeur.asso.fr\/wpo\/wp-json\/wp\/v2\/pages\/800"}],"wp:attachment":[{"href":"https:\/\/mercoeur.asso.fr\/wpo\/wp-json\/wp\/v2\/media?parent=2065"}],"curies":[{"name":"wp","href":"https:\/\/api.w.org\/{rel}","templated":true}]}}