{"id":2062,"date":"2025-06-23T11:30:32","date_gmt":"2025-06-23T09:30:32","guid":{"rendered":"https:\/\/mercoeur.asso.fr\/wpo\/?page_id=2062"},"modified":"2025-07-04T13:37:15","modified_gmt":"2025-07-04T11:37:15","slug":"adherer-participer-donner-son-avis","status":"publish","type":"page","link":"https:\/\/mercoeur.asso.fr\/wpo\/adherer-participer-donner-son-avis\/","title":{"rendered":"Adh\u00e9rer, participer, donner son avis"},"content":{"rendered":"<div class=\"wpb-content-wrapper\"><p>[vc_row][vc_column][vc_column_text][\/vc_column_text][vc_column_text]<\/p>\n<div class=\"page\" title=\"Page 5\">\n<div class=\"layoutArea\">\n<div class=\"column\">\n<p><span style=\"color: #000000;\">Notre association est n\u00e9e du fruit de la r\u00e9flexion entre un collectif d\u2019habitants et la pr\u00e9fecture de Paris. Inaugur\u00e9 en 1962, le centre Paris Anim\u2019 Merc\u0153ur est le premier centre construit par la ville de Paris et confi\u00e9 \u00e0 la gestion d\u2019une association.<\/span><br \/>\n<span style=\"color: #000000;\">Comme toute association, son action repose sur l\u2019implication de ses membres. Tout usager a la possibilit\u00e9 de devenir adh\u00e9rent en s\u2019acquittant d\u2019une cotisation annuelle qui lui donne droit \u00e0 participer pleinement \u00e0 la vie d\u00e9mocratique de l\u2019association.<\/span><br \/>\n<span style=\"color: #000000;\"><strong>Tarif de l\u2019adh\u00e9sion annuelle : 5\u20ac pour les \u2013 de 26 ans, 10\u20ac pour les plus de 70 ans, 12\u20ac pour les adultes et 20\u20ac pour les familles (valable du 1er septembre 2025 au 31 ao\u00fbt 2026)<\/strong><\/span><\/p>\n<\/div>\n<div><span style=\"color: #000000;\">\u2014<\/span><\/div>\n<div><\/div>\n<div class=\"column\">\n<p><span style=\"color: #000000;\"><strong>L\u2019association MJC Paris-Mercoeur c\u2019est :<\/strong><\/span><br \/>\n<span style=\"color: #000000;\">Un projet associatif pour le d\u00e9veloppement et l\u2019animation du quartier L\u00e9on Blum, et plus sp\u00e9cifiquement le quartier Roquette.<\/span><br \/>\n<span style=\"color: #000000;\">Des b\u00e9n\u00e9voles investis dans le portage et l\u2019accompagnement des actions du centre (Accompagnement scolaire, composteur, biblioth\u00e8que, cin\u00e9-L\u00e9on, actions familles)<\/span><br \/>\n<span style=\"color: #000000;\">La mise en place d\u2019activit\u00e9s, d\u2019animations, stages, \u00e9v\u00e9nements (le jeu de piste du 11\u00e8me arrondissement, stages happy dance et bricolage, activit\u00e9s cr\u00e9atives parents\/enfants, tenue du bar)<\/span><br \/>\n<span style=\"color: #000000;\">Pouvoir b\u00e9n\u00e9ficier d\u2019activit\u00e9s, de sorties \u00e0 des tarifs pr\u00e9f\u00e9rentiels.<\/span><\/p>\n<div class=\"page\" title=\"Page 5\">\n<div class=\"layoutArea\">\n<div class=\"column\"><span style=\"color: #000000;\"><strong>Adh\u00e9rer \u00e0 l\u2019association MJC Paris-Mercoeur c\u2019est :<\/strong><\/span><br \/>\n<span style=\"color: #000000;\">Se sentir concern\u00e9 par la vie associative de son quartier ;<\/span><br \/>\n<span style=\"color: #000000;\">Lui donner force et repr\u00e9sentativit\u00e9 en tant qu\u2019acteur de la d\u00e9mocratie locale ; <\/span><br \/>\n<span style=\"color: #000000;\">Contribuer directement \u00e0 la construction et \u00e0 l\u2019application du \u00ab Projet Associatif \u00bb ;<\/span><br \/>\n<span style=\"color: #000000;\">Pouvoir s\u2019exprimer sur le fonctionnement de la structure, les orientations, les activit\u00e9s\u2026 Et ainsi pouvoir voter et pr\u00e9senter sa candidature lors des Assembl\u00e9es G\u00e9n\u00e9rales.<\/span><br \/>\n<span style=\"color: #000000;\">Pouvoir s\u2019engager activement et participer aux instances d\u00e9lib\u00e9ratives et d\u00e9cisionnelles de la structure (Conseil d\u2019Administration, Bureau, Commissions\u2026).<\/span><br \/>\n<span style=\"color: #000000;\">Garantir le fonctionnement d\u00e9mocratique et pluraliste de la structure.<\/span><\/div>\n<div class=\"column\">\n<div class=\"page\" title=\"Page 5\">\n<div class=\"layoutArea\">\n<p>&nbsp;<\/p>\n<p><span style=\"color: #000000;\"><strong>Comment participer, donner son avis ?<\/strong><\/span><br \/>\n<span style=\"color: #000000;\">Prendre l\u2019adh\u00e9sion : C\u2019est le 1er stade d\u2019implication dans la vie de l\u2019association. En plus d\u2019\u00eatre un soutien financier, cette adh\u00e9sion est aussi une approbation de son projet associatif. Soutenue par de nombreux adh\u00e9rents, elle est davantage reconnue et l\u00e9gitim\u00e9e en tant qu\u2019acteur de la d\u00e9mocratie locale (Cf. ci-dessus adh\u00e9rer).<\/span><br \/>\n<span style=\"color: #000000;\">Devenir b\u00e9n\u00e9vole dans le cadre de l\u2019accompagnement \u00e0 la scolarit\u00e9 (Cf. p.28), de la biblioth\u00e8que (Cf. p.34), ou lors d\u2019un \u00e9v\u00e9nement r\u00e9gulier ou exceptionnel organis\u00e9 par l\u2019association MJC Paris-Mercoeur tout au long de la saison.<\/span><br \/>\n<span style=\"color: #000000;\">Participer \u00e0 l\u2019Assembl\u00e9e G\u00e9n\u00e9rale annuelle. L\u2019Assembl\u00e9e g\u00e9n\u00e9rale est un temps d\u2019\u00e9changes et de d\u00e9bats ouverts \u00e0 tous les usagers du centre et aux adh\u00e9rents. Organis\u00e9e une fois par an, entre le Conseil d\u2019Administration, la direction du centre, les adh\u00e9rents et les usagers, elle permet de rendre compte et de faire le bilan de l\u2019exercice pr\u00e9c\u00e9dent mais aussi de faire un point sur le fonctionnement du centre et les orientations de l\u2019association. <\/span><br \/>\n<span style=\"color: #000000;\">Rejoindre une commission ou un groupe de travail organis\u00e9 par l\u2019association MJC Paris-Mercoeur ou en proposer.<\/span><\/p>\n<\/div>\n<\/div>\n<\/div>\n<\/div>\n<\/div>\n<\/div>\n<\/div>\n<\/div>\n<p>[\/vc_column_text][\/vc_column][\/vc_row]<\/p>\n<\/div>","protected":false},"excerpt":{"rendered":"<p>[vc_row][vc_column][vc_column_text][\/vc_column_text][vc_column_text] Notre association est n\u00e9e du fruit de la r\u00e9flexion entre un collectif d\u2019habitants et [&hellip;]<\/p>\n","protected":false},"author":1,"featured_media":0,"parent":0,"menu_order":0,"comment_status":"closed","ping_status":"closed","template":"page-right-sidebar.php","meta":{"_monsterinsights_skip_tracking":false,"_monsterinsights_sitenote_active":false,"_monsterinsights_sitenote_note":"","_monsterinsights_sitenote_category":0,"footnotes":""},"aioseo_notices":[],"publishpress_future_action":{"enabled":false,"date":"2026-05-02 15:23:43","action":"draft","terms":[],"taxonomy":""},"_links":{"self":[{"href":"https:\/\/mercoeur.asso.fr\/wpo\/wp-json\/wp\/v2\/pages\/2062"}],"collection":[{"href":"https:\/\/mercoeur.asso.fr\/wpo\/wp-json\/wp\/v2\/pages"}],"about":[{"href":"https:\/\/mercoeur.asso.fr\/wpo\/wp-json\/wp\/v2\/types\/page"}],"author":[{"embeddable":true,"href":"https:\/\/mercoeur.asso.fr\/wpo\/wp-json\/wp\/v2\/users\/1"}],"replies":[{"embeddable":true,"href":"https:\/\/mercoeur.asso.fr\/wpo\/wp-json\/wp\/v2\/comments?post=2062"}],"version-history":[{"count":4,"href":"https:\/\/mercoeur.asso.fr\/wpo\/wp-json\/wp\/v2\/pages\/2062\/revisions"}],"predecessor-version":[{"id":35242,"href":"https:\/\/mercoeur.asso.fr\/wpo\/wp-json\/wp\/v2\/pages\/2062\/revisions\/35242"}],"wp:attachment":[{"href":"https:\/\/mercoeur.asso.fr\/wpo\/wp-json\/wp\/v2\/media?parent=2062"}],"curies":[{"name":"wp","href":"https:\/\/api.w.org\/{rel}","templated":true}]}}